{"id":1308,"date":"2022-09-22T08:54:04","date_gmt":"2022-09-22T06:54:04","guid":{"rendered":"https:\/\/www.ccvalguiers.fr\/infos\/?post_type=product&#038;p=1308"},"modified":"2022-10-19T16:33:59","modified_gmt":"2022-10-19T14:33:59","slug":"relais-petite-enfance-le-guiers-enchante","status":"publish","type":"product","link":"https:\/\/www.ccvalguiers.fr\/infos\/produit\/relais-petite-enfance-le-guiers-enchante\/","title":{"rendered":"Relais Petite Enfance \u00ab\u00a0Le Guiers enchant\u00e9\u00a0\u00bb \u00e0 Domessin"},"content":{"rendered":"<p><img loading=\"lazy\" decoding=\"async\" class=\"alignnone size-medium wp-image-1309\" src=\"https:\/\/www.ccvalguiers.fr\/infos\/wp-content\/uploads\/2022\/09\/Le-Guiers-enchante-300x200.jpg\" alt=\"Le Guiers enchant\u00e9 - Relais petite enfance - CVG \" width=\"300\" height=\"200\" \/><\/p>\n<p style=\"text-align: left;\"><strong><img loading=\"lazy\" decoding=\"async\" class=\"puce\" src=\"https:\/\/www.ccvalguiers.fr\/infos\/wp-content\/uploads\/2022\/09\/puce-localisation.png\" alt=\"puce-localisation\" width=\"22\" height=\"28\" \/> RPE \u00ab\u00a0Le Guiers enchant\u00e9\u00a0\u00bb 110 Place de l\u2019\u00e9glise 73330 DOMESSIN<\/strong><\/p>\n<p><img loading=\"lazy\" decoding=\"async\" class=\"puce\" src=\"https:\/\/www.ccvalguiers.fr\/infos\/wp-content\/uploads\/2022\/09\/puce-horaires.png\" alt=\"Pictogramme horaires\" width=\"36\" height=\"35\" \/> Temps collectifs les mardis et jeudis de 9h \u00e0 11h<br \/>\nPermanences sans rendez-vous : Jeudi de 13h30 \u00e0 17h30<\/p>\n<p><a class=\"boutonbleu\" href=\"tel:0669073278\"><img loading=\"lazy\" decoding=\"async\" class=\"puce\" src=\"https:\/\/www.ccvalguiers.fr\/infos\/wp-content\/uploads\/2022\/09\/puce-telephone.png\" alt=\"Pictogramme t\u00e9l\u00e9phone\" width=\"31\" height=\"30\" \/> 06.69.07.32.78<\/a><\/p>\n<p><a class=\"boutonbleu\" href=\"mailto:leguiersenchante@ccvalguiers.fr\"><img loading=\"lazy\" decoding=\"async\" class=\"puce\" src=\"https:\/\/www.ccvalguiers.fr\/infos\/wp-content\/uploads\/2022\/09\/puce-mail.png\" alt=\"Pictogramme mail\" width=\"31\" height=\"30\" \/> leguiersenchante@ccvalguiers.fr<\/a><\/p>\n<p><a href=\"https:\/\/www.ccvalguiers.fr\/infos\/wp-content\/uploads\/2022\/09\/Plaquette-RPE-janv-2022.pdf\" target=\"_blank\" rel=\"noopener\">\u21d2 <span style=\"text-decoration: underline;\">T\u00e9l\u00e9charger la brochure du Relais petite enfance<\/span><\/a><\/p>\n<p>Une antenne <span style=\"text-decoration: underline;\"><a href=\"https:\/\/www.ccvalguiers.fr\/infos\/produit\/relais-petite-enfance-le-guiers-enchante-a-saint-genix\/\">\u00e0 Saint-Genix-les-Villages<\/a><\/span> et une antenne \u00e0 Domessin. Les contacts t\u00e9l\u00e9phoniques et mails sont les m\u00eames pour les deux structures.<\/p>\n","protected":false},"excerpt":{"rendered":"<p>RPE \u00ab\u00a0Le Guiers enchant\u00e9\u00a0\u00bb 110 Place de l\u2019\u00e9glise 73330 DOMESSIN Temps collectifs les mardis et jeudis de 9h \u00e0 11h Permanences sans rendez-vous : Jeudi de 13h30 \u00e0 17h30 06.69.07.32.78 leguiersenchante@ccvalguiers.fr \u21d2 T\u00e9l\u00e9charger la brochure du Relais petite enfance Une antenne \u00e0 Saint-Genix-les-Villages et une antenne \u00e0 Domessin. Les contacts t\u00e9l\u00e9phoniques et mails sont les [&hellip;]<\/p>\n","protected":false},"featured_media":1309,"template":"","meta":{"_et_pb_use_builder":"off","_et_pb_old_content":"<img class=\"alignnone size-medium wp-image-1309\" src=\"https:\/\/www.ccvalguiers.fr\/infos\/wp-content\/uploads\/2022\/09\/Le-Guiers-enchante-300x200.jpg\" alt=\"Le Guiers enchant\u00e9 - Relais petite enfance - CVG \" width=\"300\" height=\"200\" \/>\r\n\r\n<img class=\"wp-image-209 alignnone size-full\" src=\"https:\/\/www.ccvalguiers.fr\/infos\/wp-content\/uploads\/2022\/07\/puce.png\" alt=\"\" width=\"25\" height=\"22\" \/> <span style=\"font-size: 14pt;color: #e51a2f\">Relais Petite Enfance \"Le Guiers enchant\u00e9\"<\/span>\r\n\r\nUne antenne \u00e0 Saint-Genix-les-Villages et une antenne \u00e0 Domessin.\r\nLes contacts t\u00e9l\u00e9phoniques et mails sont les m\u00eames pour les deux structures.\r\n\r\n<img class=\"puce\" src=\"https:\/\/www.ccvalguiers.fr\/infos\/wp-content\/uploads\/2022\/09\/puce-telephone.png\" alt=\"Pictogramme t\u00e9l\u00e9phone\" width=\"31\" height=\"30\" \/>\u00a0 06 69 07 32 78\r\n\r\n<img class=\"puce\" src=\"https:\/\/www.ccvalguiers.fr\/infos\/wp-content\/uploads\/2022\/09\/puce-mail.png\" alt=\"Pictogramme mail\" width=\"31\" height=\"30\" \/>\u00a0 leguiersenchante@ccvalguiers.fr\r\n<p style=\"text-align: left\"><a class=\"boutonrouge\" href=\"mailto:leguiersenchante@ccvalguiers.fr\">Nous \u00e9crire \u00bb<\/a>\u00a0 \u00a0 \u00a0\u00a0<a class=\"boutonvert\" href=\"tel:0669073278\">Nous appeler \u00bb<\/a><\/p>\r\n\r\n\r\n<hr \/>\r\n<p style=\"text-align: left\"><strong><img class=\"puce\" src=\"https:\/\/www.ccvalguiers.fr\/infos\/wp-content\/uploads\/2022\/09\/puce-localisation.png\" alt=\"puce-localisation\" width=\"22\" height=\"28\" \/> RPE \"Le Guiers enchant\u00e9\"\r\nRue du Stade 73240 SAINT-GENIX-LES-VILLAGES<\/strong><\/p>\r\n<img class=\"puce\" src=\"https:\/\/www.ccvalguiers.fr\/infos\/wp-content\/uploads\/2022\/09\/puce-horaires.png\" alt=\"Pictogramme horaires\" width=\"36\" height=\"35\" \/> Temps collectifs les lundis de 9 h \u00e0 11 h\r\nPermanences sans rendez-vous : Lundi de 13 h 30 \u00e0 17 h 30\r\n\r\n<hr \/>\r\n<p style=\"text-align: left\"><strong><img class=\"puce\" src=\"https:\/\/www.ccvalguiers.fr\/infos\/wp-content\/uploads\/2022\/09\/puce-localisation.png\" alt=\"puce-localisation\" width=\"22\" height=\"28\" \/> RPE \"Le Guiers enchant\u00e9\"\r\n110 Place de l\u2019\u00e9glise 73330 DOMESSIN<\/strong><\/p>\r\n<img class=\"puce\" src=\"https:\/\/www.ccvalguiers.fr\/infos\/wp-content\/uploads\/2022\/09\/puce-horaires.png\" alt=\"Pictogramme horaires\" width=\"36\" height=\"35\" \/> Temps collectifs les lundis de 9 h \u00e0 11 h\r\nPermanences sans rendez-vous : Jeudi de 13 h 30 \u00e0 17 h 30","_et_gb_content_width":""},"product_brand":[],"product_cat":[56,58,63],"product_tag":[],"class_list":{"0":"post-1308","1":"product","2":"type-product","3":"status-publish","4":"has-post-thumbnail","6":"product_cat-deux-mois-a-trois-ans","7":"product_cat-domessin","8":"product_cat-relais-petite-enfance-rep","10":"first","11":"instock","12":"shipping-taxable","13":"product-type-simple"},"yoast_head":"<!-- This site is optimized with the Yoast SEO plugin v27.3 - https:\/\/yoast.com\/product\/yoast-seo-wordpress\/ -->\n<title>Relais Petite Enfance &quot;Le Guiers enchant\u00e9&quot; \u00e0 Domessin | Communaut\u00e9 de Communes Val Guiers<\/title>\n<meta name=\"description\" content=\"Relais Petite Enfance &quot;Le Guiers enchant\u00e9&quot; \u00e0 Domessin | Communaut\u00e9 de Communes Val Guiers | Enfance-jeunesse, accueil de loisirs, cr\u00e8ches, ados, p\u00e9riscolaire\" \/>\n<meta name=\"robots\" content=\"index, follow, max-snippet:-1, max-image-preview:large, max-video-preview:-1\" \/>\n<link rel=\"canonical\" href=\"https:\/\/www.ccvalguiers.fr\/infos\/produit\/relais-petite-enfance-le-guiers-enchante\/\" \/>\n<meta property=\"og:locale\" content=\"fr_FR\" \/>\n<meta property=\"og:type\" content=\"article\" \/>\n<meta property=\"og:title\" content=\"Relais Petite Enfance &quot;Le Guiers enchant\u00e9&quot; \u00e0 Domessin | Communaut\u00e9 de Communes Val Guiers\" \/>\n<meta property=\"og:description\" content=\"Relais Petite Enfance &quot;Le Guiers enchant\u00e9&quot; \u00e0 Domessin | Communaut\u00e9 de Communes Val Guiers | Enfance-jeunesse, accueil de loisirs, cr\u00e8ches, ados, p\u00e9riscolaire\" \/>\n<meta property=\"og:url\" content=\"https:\/\/www.ccvalguiers.fr\/infos\/produit\/relais-petite-enfance-le-guiers-enchante\/\" \/>\n<meta property=\"og:site_name\" content=\"Communaut\u00e9 de Communes Val Guiers\" \/>\n<meta property=\"article:modified_time\" content=\"2022-10-19T14:33:59+00:00\" \/>\n<meta property=\"og:image\" content=\"https:\/\/www.ccvalguiers.fr\/infos\/wp-content\/uploads\/2022\/09\/Le-Guiers-enchante.jpg\" \/>\n\t<meta property=\"og:image:width\" content=\"800\" \/>\n\t<meta property=\"og:image:height\" content=\"533\" \/>\n\t<meta property=\"og:image:type\" content=\"image\/jpeg\" \/>\n<meta name=\"twitter:card\" content=\"summary_large_image\" \/>\n<meta name=\"twitter:label1\" content=\"Dur\u00e9e de lecture estim\u00e9e\" \/>\n\t<meta name=\"twitter:data1\" content=\"2 minutes\" \/>\n<script type=\"application\/ld+json\" class=\"yoast-schema-graph\">{\"@context\":\"https:\\\/\\\/schema.org\",\"@graph\":[{\"@type\":\"WebPage\",\"@id\":\"https:\\\/\\\/www.ccvalguiers.fr\\\/infos\\\/produit\\\/relais-petite-enfance-le-guiers-enchante\\\/\",\"url\":\"https:\\\/\\\/www.ccvalguiers.fr\\\/infos\\\/produit\\\/relais-petite-enfance-le-guiers-enchante\\\/\",\"name\":\"Relais Petite Enfance \\\"Le Guiers enchant\u00e9\\\" \u00e0 Domessin | Communaut\u00e9 de Communes Val Guiers\",\"isPartOf\":{\"@id\":\"https:\\\/\\\/www.ccvalguiers.fr\\\/infos\\\/#website\"},\"primaryImageOfPage\":{\"@id\":\"https:\\\/\\\/www.ccvalguiers.fr\\\/infos\\\/produit\\\/relais-petite-enfance-le-guiers-enchante\\\/#primaryimage\"},\"image\":{\"@id\":\"https:\\\/\\\/www.ccvalguiers.fr\\\/infos\\\/produit\\\/relais-petite-enfance-le-guiers-enchante\\\/#primaryimage\"},\"thumbnailUrl\":\"https:\\\/\\\/www.ccvalguiers.fr\\\/infos\\\/wp-content\\\/uploads\\\/2022\\\/09\\\/Le-Guiers-enchante.jpg\",\"datePublished\":\"2022-09-22T06:54:04+00:00\",\"dateModified\":\"2022-10-19T14:33:59+00:00\",\"description\":\"Relais Petite Enfance \\\"Le Guiers enchant\u00e9\\\" \u00e0 Domessin | Communaut\u00e9 de Communes Val Guiers | Enfance-jeunesse, accueil de loisirs, cr\u00e8ches, ados, p\u00e9riscolaire\",\"breadcrumb\":{\"@id\":\"https:\\\/\\\/www.ccvalguiers.fr\\\/infos\\\/produit\\\/relais-petite-enfance-le-guiers-enchante\\\/#breadcrumb\"},\"inLanguage\":\"fr-FR\",\"potentialAction\":[{\"@type\":\"ReadAction\",\"target\":[\"https:\\\/\\\/www.ccvalguiers.fr\\\/infos\\\/produit\\\/relais-petite-enfance-le-guiers-enchante\\\/\"]}]},{\"@type\":\"ImageObject\",\"inLanguage\":\"fr-FR\",\"@id\":\"https:\\\/\\\/www.ccvalguiers.fr\\\/infos\\\/produit\\\/relais-petite-enfance-le-guiers-enchante\\\/#primaryimage\",\"url\":\"https:\\\/\\\/www.ccvalguiers.fr\\\/infos\\\/wp-content\\\/uploads\\\/2022\\\/09\\\/Le-Guiers-enchante.jpg\",\"contentUrl\":\"https:\\\/\\\/www.ccvalguiers.fr\\\/infos\\\/wp-content\\\/uploads\\\/2022\\\/09\\\/Le-Guiers-enchante.jpg\",\"width\":800,\"height\":533,\"caption\":\"Le Guiers enchant\u00e9 - Relais petite enfance - CVG\"},{\"@type\":\"BreadcrumbList\",\"@id\":\"https:\\\/\\\/www.ccvalguiers.fr\\\/infos\\\/produit\\\/relais-petite-enfance-le-guiers-enchante\\\/#breadcrumb\",\"itemListElement\":[{\"@type\":\"ListItem\",\"position\":1,\"name\":\"Accueil\",\"item\":\"https:\\\/\\\/www.ccvalguiers.fr\\\/infos\\\/\"},{\"@type\":\"ListItem\",\"position\":2,\"name\":\"Services\",\"item\":\"https:\\\/\\\/www.ccvalguiers.fr\\\/infos\\\/services\\\/\"},{\"@type\":\"ListItem\",\"position\":3,\"name\":\"Enfance jeunesse\",\"item\":\"https:\\\/\\\/www.ccvalguiers.fr\\\/infos\\\/categorie-produit\\\/enfance-jeunesse\\\/\"},{\"@type\":\"ListItem\",\"position\":4,\"name\":\"2 mois \u00e0 3 ans\",\"item\":\"https:\\\/\\\/www.ccvalguiers.fr\\\/infos\\\/categorie-produit\\\/enfance-jeunesse\\\/deux-mois-a-trois-ans\\\/\"},{\"@type\":\"ListItem\",\"position\":5,\"name\":\"Relais Petite Enfance \u00ab\u00a0Le Guiers enchant\u00e9\u00a0\u00bb \u00e0 Domessin\"}]},{\"@type\":\"WebSite\",\"@id\":\"https:\\\/\\\/www.ccvalguiers.fr\\\/infos\\\/#website\",\"url\":\"https:\\\/\\\/www.ccvalguiers.fr\\\/infos\\\/\",\"name\":\"Communaut\u00e9 de Communes Val Guiers\",\"description\":\"CCVG - Territoire de Val Guiers, de Pont-de-Beauvoisin \u00e0 Saint-Genix-les-Villages - 11 communes situ\u00e9es dans l&#039;Avant-Pays Savoyard\",\"publisher\":{\"@id\":\"https:\\\/\\\/www.ccvalguiers.fr\\\/infos\\\/#organization\"},\"alternateName\":\"CCVG\",\"potentialAction\":[{\"@type\":\"SearchAction\",\"target\":{\"@type\":\"EntryPoint\",\"urlTemplate\":\"https:\\\/\\\/www.ccvalguiers.fr\\\/infos\\\/?s={search_term_string}\"},\"query-input\":{\"@type\":\"PropertyValueSpecification\",\"valueRequired\":true,\"valueName\":\"search_term_string\"}}],\"inLanguage\":\"fr-FR\"},{\"@type\":\"Organization\",\"@id\":\"https:\\\/\\\/www.ccvalguiers.fr\\\/infos\\\/#organization\",\"name\":\"Communaut\u00e9 de Communes Val Guiers\",\"alternateName\":\"CCVG\",\"url\":\"https:\\\/\\\/www.ccvalguiers.fr\\\/infos\\\/\",\"logo\":{\"@type\":\"ImageObject\",\"inLanguage\":\"fr-FR\",\"@id\":\"https:\\\/\\\/www.ccvalguiers.fr\\\/infos\\\/#\\\/schema\\\/logo\\\/image\\\/\",\"url\":\"https:\\\/\\\/www.ccvalguiers.fr\\\/infos\\\/wp-content\\\/uploads\\\/2022\\\/07\\\/CC-Val-Guiers-logo-transp.png\",\"contentUrl\":\"https:\\\/\\\/www.ccvalguiers.fr\\\/infos\\\/wp-content\\\/uploads\\\/2022\\\/07\\\/CC-Val-Guiers-logo-transp.png\",\"width\":600,\"height\":602,\"caption\":\"Communaut\u00e9 de Communes Val Guiers\"},\"image\":{\"@id\":\"https:\\\/\\\/www.ccvalguiers.fr\\\/infos\\\/#\\\/schema\\\/logo\\\/image\\\/\"}}]}<\/script>\n<!-- \/ Yoast SEO plugin. -->","yoast_head_json":{"title":"Relais Petite Enfance \"Le Guiers enchant\u00e9\" \u00e0 Domessin | Communaut\u00e9 de Communes Val Guiers","description":"Relais Petite Enfance \"Le Guiers enchant\u00e9\" \u00e0 Domessin | Communaut\u00e9 de Communes Val Guiers | Enfance-jeunesse, accueil de loisirs, cr\u00e8ches, ados, p\u00e9riscolaire","robots":{"index":"index","follow":"follow","max-snippet":"max-snippet:-1","max-image-preview":"max-image-preview:large","max-video-preview":"max-video-preview:-1"},"canonical":"https:\/\/www.ccvalguiers.fr\/infos\/produit\/relais-petite-enfance-le-guiers-enchante\/","og_locale":"fr_FR","og_type":"article","og_title":"Relais Petite Enfance \"Le Guiers enchant\u00e9\" \u00e0 Domessin | Communaut\u00e9 de Communes Val Guiers","og_description":"Relais Petite Enfance \"Le Guiers enchant\u00e9\" \u00e0 Domessin | Communaut\u00e9 de Communes Val Guiers | Enfance-jeunesse, accueil de loisirs, cr\u00e8ches, ados, p\u00e9riscolaire","og_url":"https:\/\/www.ccvalguiers.fr\/infos\/produit\/relais-petite-enfance-le-guiers-enchante\/","og_site_name":"Communaut\u00e9 de Communes Val Guiers","article_modified_time":"2022-10-19T14:33:59+00:00","og_image":[{"width":800,"height":533,"url":"https:\/\/www.ccvalguiers.fr\/infos\/wp-content\/uploads\/2022\/09\/Le-Guiers-enchante.jpg","type":"image\/jpeg"}],"twitter_card":"summary_large_image","twitter_misc":{"Dur\u00e9e de lecture estim\u00e9e":"2 minutes"},"schema":{"@context":"https:\/\/schema.org","@graph":[{"@type":"WebPage","@id":"https:\/\/www.ccvalguiers.fr\/infos\/produit\/relais-petite-enfance-le-guiers-enchante\/","url":"https:\/\/www.ccvalguiers.fr\/infos\/produit\/relais-petite-enfance-le-guiers-enchante\/","name":"Relais Petite Enfance \"Le Guiers enchant\u00e9\" \u00e0 Domessin | Communaut\u00e9 de Communes Val Guiers","isPartOf":{"@id":"https:\/\/www.ccvalguiers.fr\/infos\/#website"},"primaryImageOfPage":{"@id":"https:\/\/www.ccvalguiers.fr\/infos\/produit\/relais-petite-enfance-le-guiers-enchante\/#primaryimage"},"image":{"@id":"https:\/\/www.ccvalguiers.fr\/infos\/produit\/relais-petite-enfance-le-guiers-enchante\/#primaryimage"},"thumbnailUrl":"https:\/\/www.ccvalguiers.fr\/infos\/wp-content\/uploads\/2022\/09\/Le-Guiers-enchante.jpg","datePublished":"2022-09-22T06:54:04+00:00","dateModified":"2022-10-19T14:33:59+00:00","description":"Relais Petite Enfance \"Le Guiers enchant\u00e9\" \u00e0 Domessin | Communaut\u00e9 de Communes Val Guiers | Enfance-jeunesse, accueil de loisirs, cr\u00e8ches, ados, p\u00e9riscolaire","breadcrumb":{"@id":"https:\/\/www.ccvalguiers.fr\/infos\/produit\/relais-petite-enfance-le-guiers-enchante\/#breadcrumb"},"inLanguage":"fr-FR","potentialAction":[{"@type":"ReadAction","target":["https:\/\/www.ccvalguiers.fr\/infos\/produit\/relais-petite-enfance-le-guiers-enchante\/"]}]},{"@type":"ImageObject","inLanguage":"fr-FR","@id":"https:\/\/www.ccvalguiers.fr\/infos\/produit\/relais-petite-enfance-le-guiers-enchante\/#primaryimage","url":"https:\/\/www.ccvalguiers.fr\/infos\/wp-content\/uploads\/2022\/09\/Le-Guiers-enchante.jpg","contentUrl":"https:\/\/www.ccvalguiers.fr\/infos\/wp-content\/uploads\/2022\/09\/Le-Guiers-enchante.jpg","width":800,"height":533,"caption":"Le Guiers enchant\u00e9 - Relais petite enfance - CVG"},{"@type":"BreadcrumbList","@id":"https:\/\/www.ccvalguiers.fr\/infos\/produit\/relais-petite-enfance-le-guiers-enchante\/#breadcrumb","itemListElement":[{"@type":"ListItem","position":1,"name":"Accueil","item":"https:\/\/www.ccvalguiers.fr\/infos\/"},{"@type":"ListItem","position":2,"name":"Services","item":"https:\/\/www.ccvalguiers.fr\/infos\/services\/"},{"@type":"ListItem","position":3,"name":"Enfance jeunesse","item":"https:\/\/www.ccvalguiers.fr\/infos\/categorie-produit\/enfance-jeunesse\/"},{"@type":"ListItem","position":4,"name":"2 mois \u00e0 3 ans","item":"https:\/\/www.ccvalguiers.fr\/infos\/categorie-produit\/enfance-jeunesse\/deux-mois-a-trois-ans\/"},{"@type":"ListItem","position":5,"name":"Relais Petite Enfance \u00ab\u00a0Le Guiers enchant\u00e9\u00a0\u00bb \u00e0 Domessin"}]},{"@type":"WebSite","@id":"https:\/\/www.ccvalguiers.fr\/infos\/#website","url":"https:\/\/www.ccvalguiers.fr\/infos\/","name":"Communaut\u00e9 de Communes Val Guiers","description":"CCVG - Territoire de Val Guiers, de Pont-de-Beauvoisin \u00e0 Saint-Genix-les-Villages - 11 communes situ\u00e9es dans l&#039;Avant-Pays Savoyard","publisher":{"@id":"https:\/\/www.ccvalguiers.fr\/infos\/#organization"},"alternateName":"CCVG","potentialAction":[{"@type":"SearchAction","target":{"@type":"EntryPoint","urlTemplate":"https:\/\/www.ccvalguiers.fr\/infos\/?s={search_term_string}"},"query-input":{"@type":"PropertyValueSpecification","valueRequired":true,"valueName":"search_term_string"}}],"inLanguage":"fr-FR"},{"@type":"Organization","@id":"https:\/\/www.ccvalguiers.fr\/infos\/#organization","name":"Communaut\u00e9 de Communes Val Guiers","alternateName":"CCVG","url":"https:\/\/www.ccvalguiers.fr\/infos\/","logo":{"@type":"ImageObject","inLanguage":"fr-FR","@id":"https:\/\/www.ccvalguiers.fr\/infos\/#\/schema\/logo\/image\/","url":"https:\/\/www.ccvalguiers.fr\/infos\/wp-content\/uploads\/2022\/07\/CC-Val-Guiers-logo-transp.png","contentUrl":"https:\/\/www.ccvalguiers.fr\/infos\/wp-content\/uploads\/2022\/07\/CC-Val-Guiers-logo-transp.png","width":600,"height":602,"caption":"Communaut\u00e9 de Communes Val Guiers"},"image":{"@id":"https:\/\/www.ccvalguiers.fr\/infos\/#\/schema\/logo\/image\/"}}]}},"publishpress_future_action":{"enabled":false,"date":"2026-04-15 12:22:34","action":"change-status","newStatus":"draft","terms":[],"taxonomy":"product_cat","extraData":[]},"publishpress_future_workflow_manual_trigger":{"enabledWorkflows":[]},"_links":{"self":[{"href":"https:\/\/www.ccvalguiers.fr\/infos\/wp-json\/wp\/v2\/product\/1308","targetHints":{"allow":["GET"]}}],"collection":[{"href":"https:\/\/www.ccvalguiers.fr\/infos\/wp-json\/wp\/v2\/product"}],"about":[{"href":"https:\/\/www.ccvalguiers.fr\/infos\/wp-json\/wp\/v2\/types\/product"}],"wp:featuredmedia":[{"embeddable":true,"href":"https:\/\/www.ccvalguiers.fr\/infos\/wp-json\/wp\/v2\/media\/1309"}],"wp:attachment":[{"href":"https:\/\/www.ccvalguiers.fr\/infos\/wp-json\/wp\/v2\/media?parent=1308"}],"wp:term":[{"taxonomy":"product_brand","embeddable":true,"href":"https:\/\/www.ccvalguiers.fr\/infos\/wp-json\/wp\/v2\/product_brand?post=1308"},{"taxonomy":"product_cat","embeddable":true,"href":"https:\/\/www.ccvalguiers.fr\/infos\/wp-json\/wp\/v2\/product_cat?post=1308"},{"taxonomy":"product_tag","embeddable":true,"href":"https:\/\/www.ccvalguiers.fr\/infos\/wp-json\/wp\/v2\/product_tag?post=1308"}],"curies":[{"name":"wp","href":"https:\/\/api.w.org\/{rel}","templated":true}]}}