{"id":1364,"date":"2022-09-22T11:29:45","date_gmt":"2022-09-22T09:29:45","guid":{"rendered":"https:\/\/www.ccvalguiers.fr\/infos\/?post_type=product&#038;p=1364"},"modified":"2022-09-30T16:16:39","modified_gmt":"2022-09-30T14:16:39","slug":"ludotheque-la-ruche","status":"publish","type":"product","link":"https:\/\/www.ccvalguiers.fr\/infos\/produit\/ludotheque-la-ruche\/","title":{"rendered":"Ludoth\u00e8que \u00ab\u00a0La Ruche\u00a0\u00bb \u00e0 Saint-Genix-les-Villages"},"content":{"rendered":"<p><img loading=\"lazy\" decoding=\"async\" class=\"puce\" src=\"https:\/\/www.ccvalguiers.fr\/infos\/wp-content\/uploads\/2022\/09\/puce-localisation.png\" alt=\"puce-localisation\" width=\"22\" height=\"28\" \/> <strong>1050 route de Saint-Maurice-de-Rotherens<br \/>\n<\/strong><strong>Commune d\u00e9l\u00e9gu\u00e9e de Gr\u00e9sin <\/strong><strong>73240 Saint-Genix-les-Villages<\/strong><\/p>\n<p>Lieu de rencontres interg\u00e9n\u00e9rationnelles, la ludoth\u00e8que cr\u00e9\u00e9 un lien social et favorise l\u2019ouverture culturelle.<\/p>\n<p>Chaque famille peut venir d\u00e9couvrir de nouveaux jeux ou des jeux venus d\u2019ailleurs et rencontrer d\u2019autres personnes au travers d\u2019une activit\u00e9 ludique (pr\u00eat de jeu possible).<\/p>\n<p><strong>CONTACTS :<\/strong><\/p>\n<p>Responsable : La\u00ebtitia Girard<\/p>\n<p><img loading=\"lazy\" decoding=\"async\" class=\"puce\" src=\"https:\/\/www.ccvalguiers.fr\/infos\/wp-content\/uploads\/2022\/09\/puce-horaires.png\" alt=\"Pictogramme horaires\" width=\"36\" height=\"35\" \/> Ouverte deux mercredis par mois de 9h30 \u00e0 11h30 (tous publics)<\/p>\n<p><a class=\"boutonbleu\" href=\"tel:0671277715\"><img loading=\"lazy\" decoding=\"async\" class=\"puce\" src=\"https:\/\/www.ccvalguiers.fr\/infos\/wp-content\/uploads\/2022\/09\/puce-telephone.png\" alt=\"Pictogramme t\u00e9l\u00e9phone\" width=\"31\" height=\"30\" \/> 06.71.27.77.15<\/a><\/p>\n<p><a class=\"boutonbleu\" href=\"mailto:ludothequegresin@gmail.com\"><img loading=\"lazy\" decoding=\"async\" class=\"puce\" src=\"https:\/\/www.ccvalguiers.fr\/infos\/wp-content\/uploads\/2022\/09\/puce-mail.png\" alt=\"Pictogramme mail\" width=\"31\" height=\"30\" \/> ludothequegresin@gmail.com<\/a><\/p>\n<p><a href=\"https:\/\/www.ccvalguiers.fr\/infos\/wp-content\/uploads\/2022\/09\/permanences-ludotheque.jpg\" target=\"_blank\" rel=\"noopener\"><img loading=\"lazy\" decoding=\"async\" class=\"alignnone wp-image-1365 \" src=\"https:\/\/www.ccvalguiers.fr\/infos\/wp-content\/uploads\/2022\/09\/permanences-ludotheque-724x1024.jpg\" alt=\"permanences-ludoth\u00e8que\" width=\"553\" height=\"782\" \/><\/a><\/p>\n<p><span style=\"color: #000000;\"><strong><a style=\"color: #000000;\" href=\"https:\/\/www.ccvalguiers.fr\/infos\/wp-content\/uploads\/2022\/09\/permanences-ludotheque.jpg\" target=\"_blank\" rel=\"noopener\">\u21d2<span style=\"text-decoration: underline;\">T\u00e9l\u00e9charger la brochure et consulter les permanences<\/span><\/a><\/strong><\/span><\/p>\n","protected":false},"excerpt":{"rendered":"<p>1050 route de Saint-Maurice-de-Rotherens Commune d\u00e9l\u00e9gu\u00e9e de Gr\u00e9sin 73240 Saint-Genix-les-Villages Lieu de rencontres interg\u00e9n\u00e9rationnelles, la ludoth\u00e8que cr\u00e9\u00e9 un lien social et favorise l\u2019ouverture culturelle. Chaque famille peut venir d\u00e9couvrir de nouveaux jeux ou des jeux venus d\u2019ailleurs et rencontrer d\u2019autres personnes au travers d\u2019une activit\u00e9 ludique (pr\u00eat de jeu possible). CONTACTS : Responsable : La\u00ebtitia [&hellip;]<\/p>\n","protected":false},"featured_media":1367,"template":"","meta":{"_et_pb_use_builder":"off","_et_pb_old_content":"<img class=\"wp-image-209 alignnone size-full\" src=\"https:\/\/www.ccvalguiers.fr\/infos\/wp-content\/uploads\/2022\/07\/puce.png\" alt=\"\" width=\"25\" height=\"22\" \/> Multi-accueil \"Les petits pas\"\r\n\r\n<img class=\"puce\" src=\"https:\/\/www.ccvalguiers.fr\/infos\/wp-content\/uploads\/2022\/09\/puce-localisation.png\" alt=\"puce-localisation\" width=\"22\" height=\"28\" \/> Saint-Genix-les-Villages\r\n\r\n<strong>Rue du Stade 73240 SAINT-GENIX-LES-VILLAGES<\/strong>\r\n\r\nContact : Marie-Claire WINCKEL, directrice\r\n\r\n<img class=\"puce\" src=\"https:\/\/www.ccvalguiers.fr\/infos\/wp-content\/uploads\/2022\/09\/puce-telephone.png\" alt=\"Pictogramme t\u00e9l\u00e9phone\" width=\"31\" height=\"30\" \/>\u00a0 04.76.31.69.44\r\n\r\n<img class=\"puce\" src=\"https:\/\/www.ccvalguiers.fr\/infos\/wp-content\/uploads\/2022\/09\/puce-mail.png\" alt=\"Pictogramme mail\" width=\"31\" height=\"30\" \/>\u00a0 lespetitspas.gresinours@ccvalguiers.fr\r\n\r\n<img class=\"puce\" src=\"https:\/\/www.ccvalguiers.fr\/infos\/wp-content\/uploads\/2022\/09\/puce-horaires.png\" alt=\"Pictogramme horaires\" width=\"36\" height=\"35\" \/> Lundi, Mardi, Mercredi, Jeudi, Vendredi de 7 h 30 \u00e0 18 h 30\r\n\r\n<a class=\"boutonvertclair\" href=\"mailto:lespetitspas.gresinours@ccvalguiers.fr\">Nous \u00e9crire \u00bb<\/a>\u00a0 \u00a0 \u00a0\u00a0<a class=\"boutonvertclair\" href=\"tel:0476316944\">Nous appeler \u00bb<\/a>","_et_gb_content_width":""},"product_brand":[],"product_cat":[64,84,80,71],"product_tag":[],"class_list":{"0":"post-1364","1":"product","2":"type-product","3":"status-publish","4":"has-post-thumbnail","6":"product_cat-de-3-a-11-ans","7":"product_cat-gresin","8":"product_cat-ludotheque","9":"product_cat-saint-genix-les-villages-de-3-a-11-ans","11":"first","12":"instock","13":"shipping-taxable","14":"product-type-simple"},"yoast_head":"<!-- This site is optimized with the Yoast SEO plugin v27.5 - https:\/\/yoast.com\/product\/yoast-seo-wordpress\/ -->\n<title>Ludoth\u00e8que &quot;La Ruche&quot; \u00e0 Saint-Genix-les-Villages | Communaut\u00e9 de Communes Val Guiers<\/title>\n<meta name=\"description\" content=\"Ludoth\u00e8que &quot;La Ruche&quot; \u00e0 Saint-Genix-les-Villages | Communaut\u00e9 de Communes Val Guiers | Enfance-jeunesse, accueil de loisirs, cr\u00e8ches, ados, p\u00e9riscolaire\" \/>\n<meta name=\"robots\" content=\"index, follow, max-snippet:-1, max-image-preview:large, max-video-preview:-1\" \/>\n<link rel=\"canonical\" href=\"https:\/\/www.ccvalguiers.fr\/infos\/produit\/ludotheque-la-ruche\/\" \/>\n<meta property=\"og:locale\" content=\"fr_FR\" \/>\n<meta property=\"og:type\" content=\"article\" \/>\n<meta property=\"og:title\" content=\"Ludoth\u00e8que &quot;La Ruche&quot; \u00e0 Saint-Genix-les-Villages | Communaut\u00e9 de Communes Val Guiers\" \/>\n<meta property=\"og:description\" content=\"Ludoth\u00e8que &quot;La Ruche&quot; \u00e0 Saint-Genix-les-Villages | Communaut\u00e9 de Communes Val Guiers | Enfance-jeunesse, accueil de loisirs, cr\u00e8ches, ados, p\u00e9riscolaire\" \/>\n<meta property=\"og:url\" content=\"https:\/\/www.ccvalguiers.fr\/infos\/produit\/ludotheque-la-ruche\/\" \/>\n<meta property=\"og:site_name\" content=\"Communaut\u00e9 de Communes Val Guiers\" \/>\n<meta property=\"article:modified_time\" content=\"2022-09-30T14:16:39+00:00\" \/>\n<meta property=\"og:image\" content=\"https:\/\/www.ccvalguiers.fr\/infos\/wp-content\/uploads\/2022\/09\/ludotheque-ruche.jpg\" \/>\n\t<meta property=\"og:image:width\" content=\"800\" \/>\n\t<meta property=\"og:image:height\" content=\"533\" \/>\n\t<meta property=\"og:image:type\" content=\"image\/jpeg\" \/>\n<meta name=\"twitter:card\" content=\"summary_large_image\" \/>\n<meta name=\"twitter:label1\" content=\"Dur\u00e9e de lecture estim\u00e9e\" \/>\n\t<meta name=\"twitter:data1\" content=\"2 minutes\" \/>\n<script type=\"application\/ld+json\" class=\"yoast-schema-graph\">{\"@context\":\"https:\\\/\\\/schema.org\",\"@graph\":[{\"@type\":\"WebPage\",\"@id\":\"https:\\\/\\\/www.ccvalguiers.fr\\\/infos\\\/produit\\\/ludotheque-la-ruche\\\/\",\"url\":\"https:\\\/\\\/www.ccvalguiers.fr\\\/infos\\\/produit\\\/ludotheque-la-ruche\\\/\",\"name\":\"Ludoth\u00e8que \\\"La Ruche\\\" \u00e0 Saint-Genix-les-Villages | Communaut\u00e9 de Communes Val Guiers\",\"isPartOf\":{\"@id\":\"https:\\\/\\\/www.ccvalguiers.fr\\\/infos\\\/#website\"},\"primaryImageOfPage\":{\"@id\":\"https:\\\/\\\/www.ccvalguiers.fr\\\/infos\\\/produit\\\/ludotheque-la-ruche\\\/#primaryimage\"},\"image\":{\"@id\":\"https:\\\/\\\/www.ccvalguiers.fr\\\/infos\\\/produit\\\/ludotheque-la-ruche\\\/#primaryimage\"},\"thumbnailUrl\":\"https:\\\/\\\/www.ccvalguiers.fr\\\/infos\\\/wp-content\\\/uploads\\\/2022\\\/09\\\/ludotheque-ruche.jpg\",\"datePublished\":\"2022-09-22T09:29:45+00:00\",\"dateModified\":\"2022-09-30T14:16:39+00:00\",\"description\":\"Ludoth\u00e8que \\\"La Ruche\\\" \u00e0 Saint-Genix-les-Villages | Communaut\u00e9 de Communes Val Guiers | Enfance-jeunesse, accueil de loisirs, cr\u00e8ches, ados, p\u00e9riscolaire\",\"breadcrumb\":{\"@id\":\"https:\\\/\\\/www.ccvalguiers.fr\\\/infos\\\/produit\\\/ludotheque-la-ruche\\\/#breadcrumb\"},\"inLanguage\":\"fr-FR\",\"potentialAction\":[{\"@type\":\"ReadAction\",\"target\":[\"https:\\\/\\\/www.ccvalguiers.fr\\\/infos\\\/produit\\\/ludotheque-la-ruche\\\/\"]}]},{\"@type\":\"ImageObject\",\"inLanguage\":\"fr-FR\",\"@id\":\"https:\\\/\\\/www.ccvalguiers.fr\\\/infos\\\/produit\\\/ludotheque-la-ruche\\\/#primaryimage\",\"url\":\"https:\\\/\\\/www.ccvalguiers.fr\\\/infos\\\/wp-content\\\/uploads\\\/2022\\\/09\\\/ludotheque-ruche.jpg\",\"contentUrl\":\"https:\\\/\\\/www.ccvalguiers.fr\\\/infos\\\/wp-content\\\/uploads\\\/2022\\\/09\\\/ludotheque-ruche.jpg\",\"width\":800,\"height\":533,\"caption\":\"Ludoth\u00e8que La Ruche - CCVG\"},{\"@type\":\"BreadcrumbList\",\"@id\":\"https:\\\/\\\/www.ccvalguiers.fr\\\/infos\\\/produit\\\/ludotheque-la-ruche\\\/#breadcrumb\",\"itemListElement\":[{\"@type\":\"ListItem\",\"position\":1,\"name\":\"Accueil\",\"item\":\"https:\\\/\\\/www.ccvalguiers.fr\\\/infos\\\/\"},{\"@type\":\"ListItem\",\"position\":2,\"name\":\"Services\",\"item\":\"https:\\\/\\\/www.ccvalguiers.fr\\\/infos\\\/services\\\/\"},{\"@type\":\"ListItem\",\"position\":3,\"name\":\"Enfance jeunesse\",\"item\":\"https:\\\/\\\/www.ccvalguiers.fr\\\/infos\\\/categorie-produit\\\/enfance-jeunesse\\\/\"},{\"@type\":\"ListItem\",\"position\":4,\"name\":\"De 3 \u00e0 11 ans\",\"item\":\"https:\\\/\\\/www.ccvalguiers.fr\\\/infos\\\/categorie-produit\\\/enfance-jeunesse\\\/de-3-a-11-ans\\\/\"},{\"@type\":\"ListItem\",\"position\":5,\"name\":\"Ludoth\u00e8que \u00ab\u00a0La Ruche\u00a0\u00bb \u00e0 Saint-Genix-les-Villages\"}]},{\"@type\":\"WebSite\",\"@id\":\"https:\\\/\\\/www.ccvalguiers.fr\\\/infos\\\/#website\",\"url\":\"https:\\\/\\\/www.ccvalguiers.fr\\\/infos\\\/\",\"name\":\"Communaut\u00e9 de Communes Val Guiers\",\"description\":\"CCVG - Territoire de Val Guiers, de Pont-de-Beauvoisin \u00e0 Saint-Genix-les-Villages - 11 communes situ\u00e9es dans l&#039;Avant-Pays Savoyard\",\"publisher\":{\"@id\":\"https:\\\/\\\/www.ccvalguiers.fr\\\/infos\\\/#organization\"},\"alternateName\":\"CCVG\",\"potentialAction\":[{\"@type\":\"SearchAction\",\"target\":{\"@type\":\"EntryPoint\",\"urlTemplate\":\"https:\\\/\\\/www.ccvalguiers.fr\\\/infos\\\/?s={search_term_string}\"},\"query-input\":{\"@type\":\"PropertyValueSpecification\",\"valueRequired\":true,\"valueName\":\"search_term_string\"}}],\"inLanguage\":\"fr-FR\"},{\"@type\":\"Organization\",\"@id\":\"https:\\\/\\\/www.ccvalguiers.fr\\\/infos\\\/#organization\",\"name\":\"Communaut\u00e9 de Communes Val Guiers\",\"alternateName\":\"CCVG\",\"url\":\"https:\\\/\\\/www.ccvalguiers.fr\\\/infos\\\/\",\"logo\":{\"@type\":\"ImageObject\",\"inLanguage\":\"fr-FR\",\"@id\":\"https:\\\/\\\/www.ccvalguiers.fr\\\/infos\\\/#\\\/schema\\\/logo\\\/image\\\/\",\"url\":\"https:\\\/\\\/www.ccvalguiers.fr\\\/infos\\\/wp-content\\\/uploads\\\/2022\\\/07\\\/CC-Val-Guiers-logo-transp.png\",\"contentUrl\":\"https:\\\/\\\/www.ccvalguiers.fr\\\/infos\\\/wp-content\\\/uploads\\\/2022\\\/07\\\/CC-Val-Guiers-logo-transp.png\",\"width\":600,\"height\":602,\"caption\":\"Communaut\u00e9 de Communes Val Guiers\"},\"image\":{\"@id\":\"https:\\\/\\\/www.ccvalguiers.fr\\\/infos\\\/#\\\/schema\\\/logo\\\/image\\\/\"}}]}<\/script>\n<!-- \/ Yoast SEO plugin. -->","yoast_head_json":{"title":"Ludoth\u00e8que \"La Ruche\" \u00e0 Saint-Genix-les-Villages | Communaut\u00e9 de Communes Val Guiers","description":"Ludoth\u00e8que \"La Ruche\" \u00e0 Saint-Genix-les-Villages | Communaut\u00e9 de Communes Val Guiers | Enfance-jeunesse, accueil de loisirs, cr\u00e8ches, ados, p\u00e9riscolaire","robots":{"index":"index","follow":"follow","max-snippet":"max-snippet:-1","max-image-preview":"max-image-preview:large","max-video-preview":"max-video-preview:-1"},"canonical":"https:\/\/www.ccvalguiers.fr\/infos\/produit\/ludotheque-la-ruche\/","og_locale":"fr_FR","og_type":"article","og_title":"Ludoth\u00e8que \"La Ruche\" \u00e0 Saint-Genix-les-Villages | Communaut\u00e9 de Communes Val Guiers","og_description":"Ludoth\u00e8que \"La Ruche\" \u00e0 Saint-Genix-les-Villages | Communaut\u00e9 de Communes Val Guiers | Enfance-jeunesse, accueil de loisirs, cr\u00e8ches, ados, p\u00e9riscolaire","og_url":"https:\/\/www.ccvalguiers.fr\/infos\/produit\/ludotheque-la-ruche\/","og_site_name":"Communaut\u00e9 de Communes Val Guiers","article_modified_time":"2022-09-30T14:16:39+00:00","og_image":[{"width":800,"height":533,"url":"https:\/\/www.ccvalguiers.fr\/infos\/wp-content\/uploads\/2022\/09\/ludotheque-ruche.jpg","type":"image\/jpeg"}],"twitter_card":"summary_large_image","twitter_misc":{"Dur\u00e9e de lecture estim\u00e9e":"2 minutes"},"schema":{"@context":"https:\/\/schema.org","@graph":[{"@type":"WebPage","@id":"https:\/\/www.ccvalguiers.fr\/infos\/produit\/ludotheque-la-ruche\/","url":"https:\/\/www.ccvalguiers.fr\/infos\/produit\/ludotheque-la-ruche\/","name":"Ludoth\u00e8que \"La Ruche\" \u00e0 Saint-Genix-les-Villages | Communaut\u00e9 de Communes Val Guiers","isPartOf":{"@id":"https:\/\/www.ccvalguiers.fr\/infos\/#website"},"primaryImageOfPage":{"@id":"https:\/\/www.ccvalguiers.fr\/infos\/produit\/ludotheque-la-ruche\/#primaryimage"},"image":{"@id":"https:\/\/www.ccvalguiers.fr\/infos\/produit\/ludotheque-la-ruche\/#primaryimage"},"thumbnailUrl":"https:\/\/www.ccvalguiers.fr\/infos\/wp-content\/uploads\/2022\/09\/ludotheque-ruche.jpg","datePublished":"2022-09-22T09:29:45+00:00","dateModified":"2022-09-30T14:16:39+00:00","description":"Ludoth\u00e8que \"La Ruche\" \u00e0 Saint-Genix-les-Villages | Communaut\u00e9 de Communes Val Guiers | Enfance-jeunesse, accueil de loisirs, cr\u00e8ches, ados, p\u00e9riscolaire","breadcrumb":{"@id":"https:\/\/www.ccvalguiers.fr\/infos\/produit\/ludotheque-la-ruche\/#breadcrumb"},"inLanguage":"fr-FR","potentialAction":[{"@type":"ReadAction","target":["https:\/\/www.ccvalguiers.fr\/infos\/produit\/ludotheque-la-ruche\/"]}]},{"@type":"ImageObject","inLanguage":"fr-FR","@id":"https:\/\/www.ccvalguiers.fr\/infos\/produit\/ludotheque-la-ruche\/#primaryimage","url":"https:\/\/www.ccvalguiers.fr\/infos\/wp-content\/uploads\/2022\/09\/ludotheque-ruche.jpg","contentUrl":"https:\/\/www.ccvalguiers.fr\/infos\/wp-content\/uploads\/2022\/09\/ludotheque-ruche.jpg","width":800,"height":533,"caption":"Ludoth\u00e8que La Ruche - CCVG"},{"@type":"BreadcrumbList","@id":"https:\/\/www.ccvalguiers.fr\/infos\/produit\/ludotheque-la-ruche\/#breadcrumb","itemListElement":[{"@type":"ListItem","position":1,"name":"Accueil","item":"https:\/\/www.ccvalguiers.fr\/infos\/"},{"@type":"ListItem","position":2,"name":"Services","item":"https:\/\/www.ccvalguiers.fr\/infos\/services\/"},{"@type":"ListItem","position":3,"name":"Enfance jeunesse","item":"https:\/\/www.ccvalguiers.fr\/infos\/categorie-produit\/enfance-jeunesse\/"},{"@type":"ListItem","position":4,"name":"De 3 \u00e0 11 ans","item":"https:\/\/www.ccvalguiers.fr\/infos\/categorie-produit\/enfance-jeunesse\/de-3-a-11-ans\/"},{"@type":"ListItem","position":5,"name":"Ludoth\u00e8que \u00ab\u00a0La Ruche\u00a0\u00bb \u00e0 Saint-Genix-les-Villages"}]},{"@type":"WebSite","@id":"https:\/\/www.ccvalguiers.fr\/infos\/#website","url":"https:\/\/www.ccvalguiers.fr\/infos\/","name":"Communaut\u00e9 de Communes Val Guiers","description":"CCVG - Territoire de Val Guiers, de Pont-de-Beauvoisin \u00e0 Saint-Genix-les-Villages - 11 communes situ\u00e9es dans l&#039;Avant-Pays Savoyard","publisher":{"@id":"https:\/\/www.ccvalguiers.fr\/infos\/#organization"},"alternateName":"CCVG","potentialAction":[{"@type":"SearchAction","target":{"@type":"EntryPoint","urlTemplate":"https:\/\/www.ccvalguiers.fr\/infos\/?s={search_term_string}"},"query-input":{"@type":"PropertyValueSpecification","valueRequired":true,"valueName":"search_term_string"}}],"inLanguage":"fr-FR"},{"@type":"Organization","@id":"https:\/\/www.ccvalguiers.fr\/infos\/#organization","name":"Communaut\u00e9 de Communes Val Guiers","alternateName":"CCVG","url":"https:\/\/www.ccvalguiers.fr\/infos\/","logo":{"@type":"ImageObject","inLanguage":"fr-FR","@id":"https:\/\/www.ccvalguiers.fr\/infos\/#\/schema\/logo\/image\/","url":"https:\/\/www.ccvalguiers.fr\/infos\/wp-content\/uploads\/2022\/07\/CC-Val-Guiers-logo-transp.png","contentUrl":"https:\/\/www.ccvalguiers.fr\/infos\/wp-content\/uploads\/2022\/07\/CC-Val-Guiers-logo-transp.png","width":600,"height":602,"caption":"Communaut\u00e9 de Communes Val Guiers"},"image":{"@id":"https:\/\/www.ccvalguiers.fr\/infos\/#\/schema\/logo\/image\/"}}]}},"publishpress_future_action":{"enabled":false,"date":"2026-05-07 10:03:52","action":"change-status","newStatus":"draft","terms":[],"taxonomy":"product_cat","extraData":[]},"publishpress_future_workflow_manual_trigger":{"enabledWorkflows":[]},"_links":{"self":[{"href":"https:\/\/www.ccvalguiers.fr\/infos\/wp-json\/wp\/v2\/product\/1364","targetHints":{"allow":["GET"]}}],"collection":[{"href":"https:\/\/www.ccvalguiers.fr\/infos\/wp-json\/wp\/v2\/product"}],"about":[{"href":"https:\/\/www.ccvalguiers.fr\/infos\/wp-json\/wp\/v2\/types\/product"}],"wp:featuredmedia":[{"embeddable":true,"href":"https:\/\/www.ccvalguiers.fr\/infos\/wp-json\/wp\/v2\/media\/1367"}],"wp:attachment":[{"href":"https:\/\/www.ccvalguiers.fr\/infos\/wp-json\/wp\/v2\/media?parent=1364"}],"wp:term":[{"taxonomy":"product_brand","embeddable":true,"href":"https:\/\/www.ccvalguiers.fr\/infos\/wp-json\/wp\/v2\/product_brand?post=1364"},{"taxonomy":"product_cat","embeddable":true,"href":"https:\/\/www.ccvalguiers.fr\/infos\/wp-json\/wp\/v2\/product_cat?post=1364"},{"taxonomy":"product_tag","embeddable":true,"href":"https:\/\/www.ccvalguiers.fr\/infos\/wp-json\/wp\/v2\/product_tag?post=1364"}],"curies":[{"name":"wp","href":"https:\/\/api.w.org\/{rel}","templated":true}]}}